{"id":355,"date":"2018-08-28T12:34:23","date_gmt":"2018-08-28T12:34:23","guid":{"rendered":"https:\/\/themes.getmotopress.com\/campterra\/?page_id=16"},"modified":"2025-01-18T15:31:32","modified_gmt":"2025-01-18T14:31:32","slug":"home","status":"publish","type":"page","link":"https:\/\/forestcampmiedzyzdroje.pl\/","title":{"rendered":"Home"},"content":{"rendered":"\t\t<div data-elementor-type=\"wp-post\" data-elementor-id=\"355\" class=\"elementor elementor-355\" data-elementor-post-type=\"page\">\n\t\t\t\t\t\t<section class=\"elementor-section elementor-top-section elementor-element elementor-element-2165644 elementor-section-full_width elementor-section-height-default elementor-section-height-default\" data-id=\"2165644\" data-element_type=\"section\">\n\t\t\t\t\t\t<div class=\"elementor-container elementor-column-gap-default\">\n\t\t\t\t\t<div class=\"elementor-column elementor-col-100 elementor-top-column elementor-element elementor-element-7231d35\" data-id=\"7231d35\" data-element_type=\"column\">\n\t\t\t<div class=\"elementor-widget-wrap elementor-element-populated\">\n\t\t\t\t\t\t\t<\/div>\n\t\t<\/div>\n\t\t\t\t\t<\/div>\n\t\t<\/section>\n\t\t\t\t<section class=\"elementor-section elementor-top-section elementor-element elementor-element-e41333b elementor-section-boxed elementor-section-height-default elementor-section-height-default\" data-id=\"e41333b\" data-element_type=\"section\">\n\t\t\t\t\t\t<div class=\"elementor-container elementor-column-gap-default\">\n\t\t\t\t\t<div class=\"elementor-column elementor-col-100 elementor-top-column elementor-element elementor-element-007d6f9\" data-id=\"007d6f9\" data-element_type=\"column\">\n\t\t\t<div class=\"elementor-widget-wrap elementor-element-populated\">\n\t\t\t\t\t\t<div class=\"elementor-element elementor-element-3c03335 elementor-headline--style-highlight elementor-widget elementor-widget-animated-headline\" data-id=\"3c03335\" data-element_type=\"widget\" data-settings=\"{&quot;marker&quot;:&quot;curly&quot;,&quot;highlighted_text&quot;:&quot;Forest&quot;,&quot;headline_style&quot;:&quot;highlight&quot;,&quot;loop&quot;:&quot;yes&quot;,&quot;highlight_animation_duration&quot;:1200,&quot;highlight_iteration_delay&quot;:8000}\" data-widget_type=\"animated-headline.default\">\n\t\t\t\t<div class=\"elementor-widget-container\">\n\t\t\t\t\t\t\t<h3 class=\"elementor-headline\">\n\t\t\t\t<span class=\"elementor-headline-dynamic-wrapper elementor-headline-text-wrapper\">\n\t\t\t\t\t<span class=\"elementor-headline-dynamic-text elementor-headline-text-active\">Forest<\/span>\n\t\t\t\t<\/span>\n\t\t\t\t\t<span class=\"elementor-headline-plain-text elementor-headline-text-wrapper\">Camp Mi\u0119dzyzdroje<\/span>\n\t\t\t\t\t<\/h3>\n\t\t\t\t\t\t<\/div>\n\t\t\t\t<\/div>\n\t\t\t\t\t<\/div>\n\t\t<\/div>\n\t\t\t\t\t<\/div>\n\t\t<\/section>\n\t\t\t\t<section class=\"elementor-section elementor-top-section elementor-element elementor-element-6e91c17 elementor-section-content-middle elementor-section-boxed elementor-section-height-default elementor-section-height-default\" data-id=\"6e91c17\" data-element_type=\"section\">\n\t\t\t\t\t\t<div class=\"elementor-container elementor-column-gap-default\">\n\t\t\t\t\t<div class=\"elementor-column elementor-col-100 elementor-top-column elementor-element elementor-element-3dffbf1\" data-id=\"3dffbf1\" data-element_type=\"column\">\n\t\t\t<div class=\"elementor-widget-wrap elementor-element-populated\">\n\t\t\t\t\t\t<div class=\"elementor-element elementor-element-368dac6 elementor-widget elementor-widget-text-editor\" data-id=\"368dac6\" data-element_type=\"widget\" data-widget_type=\"text-editor.default\">\n\t\t\t\t<div class=\"elementor-widget-container\">\n\t\t\t\t\t\t\t\t\t<p>Kemping znajduj\u0119 si\u0119 w zachodniej cz\u0119\u015bci Mi\u0119dzyzdroj\u00f3w. Jad\u0105c drog\u0105 krajow\u0105 E65 bez problemu znajdziesz si\u0119 na zacisznej ulicy Polnej, gdzie powitamy Ci\u0119 w naszym o\u015brodku!<strong><br \/><\/strong><\/p><p>Nasz o\u015brodek ma powierzchnie 5 hektar\u00f3w, wi\u0119c na pewno znajdzie si\u0119 miejsce dla ka\u017cdego. Ca\u0142y o\u015brodek dozorowany jest ca\u0142odobowo, nie musisz martwi\u0107 si\u0119 o sw\u00f3j dobytek, kiedy przebywasz poza kempingiem. Dodatkowo umo\u017cliwiamy przechowywanie na recepcji warto\u015bciowych rzeczy.<\/p><p>Obiekt dzieli 6 minut drogi spacerem od centrum miasta. W okolicy znajduj\u0105 si\u0119: warsztat samochodowy, wulkanizacyjny, pralnia chemiczna i stacja benzynowa. Zadbali\u015bmy o to, aby nasz o\u015brodek by\u0142 po\u0142o\u017cony w bardzo przyst\u0119pnej i dogodnej lokalizacji.<\/p>\t\t\t\t\t\t\t\t<\/div>\n\t\t\t\t<\/div>\n\t\t\t\t\t<\/div>\n\t\t<\/div>\n\t\t\t\t\t<\/div>\n\t\t<\/section>\n\t\t\t\t<section class=\"elementor-section elementor-top-section elementor-element elementor-element-9a63a91 elementor-section-boxed elementor-section-height-default elementor-section-height-default\" data-id=\"9a63a91\" data-element_type=\"section\">\n\t\t\t\t\t\t<div class=\"elementor-container elementor-column-gap-default\">\n\t\t\t\t\t<div class=\"elementor-column elementor-col-100 elementor-top-column elementor-element elementor-element-3efc7f6\" data-id=\"3efc7f6\" data-element_type=\"column\">\n\t\t\t<div class=\"elementor-widget-wrap elementor-element-populated\">\n\t\t\t\t\t\t<div class=\"elementor-element elementor-element-0622977 elementor-widget elementor-widget-mphbe-rooms\" data-id=\"0622977\" data-element_type=\"widget\" data-widget_type=\"mphbe-rooms.default\">\n\t\t\t\t<div class=\"elementor-widget-container\">\n\t\t\t\t\t<div class=\"mphb_sc_rooms-wrapper mphb-room-types \"><div class=\"mphb-room-type post-696 mphb_room_type type-mphb_room_type status-publish has-post-thumbnail mphb-room-type-adults-10 mphb-room-type-children-10 has-taxes-and-fees\">\r\n\r\n\t\r\n            <div class=\"room-images-wrapper\">\r\n            \n\n\t<p class=\"post-thumbnail mphb-loop-room-thumbnail\">\n\t<a href=\"https:\/\/forestcampmiedzyzdroje.pl\/index.php\/accommodation\/sektor-a\/\">\n\t<img fetchpriority=\"high\" decoding=\"async\" width=\"891\" height=\"891\" src=\"https:\/\/forestcampmiedzyzdroje.pl\/wp-content\/uploads\/2022\/04\/IMG_6340-891x891.webp\" class=\"attachment-campterra-square size-campterra-square wp-post-image\" alt=\"\" srcset=\"https:\/\/forestcampmiedzyzdroje.pl\/wp-content\/uploads\/2022\/04\/IMG_6340-891x891.webp 891w, https:\/\/forestcampmiedzyzdroje.pl\/wp-content\/uploads\/2022\/04\/IMG_6340-150x150.webp 150w, https:\/\/forestcampmiedzyzdroje.pl\/wp-content\/uploads\/2022\/04\/IMG_6340-300x300.webp 300w, https:\/\/forestcampmiedzyzdroje.pl\/wp-content\/uploads\/2022\/04\/IMG_6340-100x100.webp 100w\" sizes=\"(max-width: 891px) 100vw, 891px\" \/>\t<\/a>\n\n\t<\/p>\n        <\/div>\r\n        \r\n            <div class=\"room-description-wrapper\">\r\n            \n<h2 class=\"mphb-room-type-title entry-title\">\n\n<a class=\"mphb-room-type-title\" href=\"https:\/\/forestcampmiedzyzdroje.pl\/index.php\/accommodation\/sektor-a\/\">Sektor A<\/a>\n\n<\/h2>\n\n<p>Najwi\u0119ksze parcele na kempingu, znajduj\u0105 si\u0119 zaraz ko\u0142o g\u0142\u00f3wnego wjazdu i wyjazdu. Cz\u0119\u015bciowo s\u0105 zacienione dzi\u0119ki drzewom rosn\u0105cym od po\u0142udnia.<\/p>\n\n        <\/div>\r\n            <div class=\"room-book-wrapper\">\r\n        \n<p class=\"mphb-view-details-button-wrapper\">\n<a class=\"button mphb-view-details-button\" href=\"https:\/\/forestcampmiedzyzdroje.pl\/index.php\/accommodation\/sektor-a\/\" >Zobacz szczeg\u00f3\u0142y<\/a>\n<\/p>\n<div class=\"mphb-to-book-btn-wrapper\">\n<form action=\"https:\/\/forestcampmiedzyzdroje.pl\/index.php\/accommodation\/sektor-a\/#booking-form-696\" method=\"get\" ><button type=\"submit\" class=\"button mphb-book-button\" >Zarezerwuj<\/button><\/form>\n<br\/><\/div>        <\/div>\r\n    \r\n\t\r\n<\/div>\r\n\r\n<div class=\"mphb-room-type post-565 mphb_room_type type-mphb_room_type status-publish has-post-thumbnail mphb-room-type-adults-10 mphb-room-type-children-10 has-taxes-and-fees\">\r\n\r\n\t\r\n            <div class=\"room-images-wrapper\">\r\n            \n\n\t<p class=\"post-thumbnail mphb-loop-room-thumbnail\">\n\t<a href=\"https:\/\/forestcampmiedzyzdroje.pl\/index.php\/accommodation\/sektor-b\/\">\n\t<img decoding=\"async\" width=\"891\" height=\"891\" src=\"https:\/\/forestcampmiedzyzdroje.pl\/wp-content\/uploads\/2022\/04\/IMG_6341-891x891.webp\" class=\"attachment-campterra-square size-campterra-square wp-post-image\" alt=\"\" srcset=\"https:\/\/forestcampmiedzyzdroje.pl\/wp-content\/uploads\/2022\/04\/IMG_6341-891x891.webp 891w, https:\/\/forestcampmiedzyzdroje.pl\/wp-content\/uploads\/2022\/04\/IMG_6341-150x150.webp 150w, https:\/\/forestcampmiedzyzdroje.pl\/wp-content\/uploads\/2022\/04\/IMG_6341-300x300.webp 300w, https:\/\/forestcampmiedzyzdroje.pl\/wp-content\/uploads\/2022\/04\/IMG_6341-100x100.webp 100w\" sizes=\"(max-width: 891px) 100vw, 891px\" \/>\t<\/a>\n\n\t<\/p>\n        <\/div>\r\n        \r\n            <div class=\"room-description-wrapper\">\r\n            \n<h2 class=\"mphb-room-type-title entry-title\">\n\n<a class=\"mphb-room-type-title\" href=\"https:\/\/forestcampmiedzyzdroje.pl\/index.php\/accommodation\/sektor-b\/\">Sektor B<\/a>\n\n<\/h2>\n\n<p>Parcele mieszcz\u0105ce si\u0119 w centralnej cz\u0119\u015bci kempingu, maj\u0105 szeroko\u015b\u0107 od 6,5 do nawet 7 metr\u00f3w, a d\u0142ugo\u015b\u0107 ich wynosi od 8 do 10 metr\u00f3w. Na parcelach ro\u015bnie zadbana trawa.<\/p>\n\n        <\/div>\r\n            <div class=\"room-book-wrapper\">\r\n        \n<p class=\"mphb-view-details-button-wrapper\">\n<a class=\"button mphb-view-details-button\" href=\"https:\/\/forestcampmiedzyzdroje.pl\/index.php\/accommodation\/sektor-b\/\" >Zobacz szczeg\u00f3\u0142y<\/a>\n<\/p>\n<div class=\"mphb-to-book-btn-wrapper\">\n<form action=\"https:\/\/forestcampmiedzyzdroje.pl\/index.php\/accommodation\/sektor-b\/#booking-form-565\" method=\"get\" ><button type=\"submit\" class=\"button mphb-book-button\" >Zarezerwuj<\/button><\/form>\n<br\/><\/div>        <\/div>\r\n    \r\n\t\r\n<\/div>\r\n\r\n<div class=\"mphb-room-type post-635 mphb_room_type type-mphb_room_type status-publish has-post-thumbnail mphb-room-type-adults-10 mphb-room-type-children-10 has-taxes-and-fees\">\r\n\r\n\t\r\n            <div class=\"room-images-wrapper\">\r\n            \n\n\t<p class=\"post-thumbnail mphb-loop-room-thumbnail\">\n\t<a href=\"https:\/\/forestcampmiedzyzdroje.pl\/index.php\/accommodation\/sektor-c\/\">\n\t<img decoding=\"async\" width=\"891\" height=\"891\" src=\"https:\/\/forestcampmiedzyzdroje.pl\/wp-content\/uploads\/2022\/04\/IMG_6342-891x891.webp\" class=\"attachment-campterra-square size-campterra-square wp-post-image\" alt=\"\" srcset=\"https:\/\/forestcampmiedzyzdroje.pl\/wp-content\/uploads\/2022\/04\/IMG_6342-891x891.webp 891w, https:\/\/forestcampmiedzyzdroje.pl\/wp-content\/uploads\/2022\/04\/IMG_6342-150x150.webp 150w, https:\/\/forestcampmiedzyzdroje.pl\/wp-content\/uploads\/2022\/04\/IMG_6342-300x300.webp 300w, https:\/\/forestcampmiedzyzdroje.pl\/wp-content\/uploads\/2022\/04\/IMG_6342-100x100.webp 100w\" sizes=\"(max-width: 891px) 100vw, 891px\" \/>\t<\/a>\n\n\t<\/p>\n        <\/div>\r\n        \r\n            <div class=\"room-description-wrapper\">\r\n            \n<h2 class=\"mphb-room-type-title entry-title\">\n\n<a class=\"mphb-room-type-title\" href=\"https:\/\/forestcampmiedzyzdroje.pl\/index.php\/accommodation\/sektor-c\/\">Sektor C<\/a>\n\n<\/h2>\n\n<p>Parcele wydzielone w p\u00f3\u0142nocnej cz\u0119\u015bci placu, r\u00f3wny teren poro\u015bni\u0119ty zielon\u0105 traw\u0105. W pobli\u017cu s\u0105 sanitariaty, zmywalnie naczyn oraz boisko do siatk\u00f3wki.<\/p>\n\n        <\/div>\r\n            <div class=\"room-book-wrapper\">\r\n        \n<p class=\"mphb-view-details-button-wrapper\">\n<a class=\"button mphb-view-details-button\" href=\"https:\/\/forestcampmiedzyzdroje.pl\/index.php\/accommodation\/sektor-c\/\" >Zobacz szczeg\u00f3\u0142y<\/a>\n<\/p>\n<div class=\"mphb-to-book-btn-wrapper\">\n<form action=\"https:\/\/forestcampmiedzyzdroje.pl\/index.php\/accommodation\/sektor-c\/#booking-form-635\" method=\"get\" ><button type=\"submit\" class=\"button mphb-book-button\" >Zarezerwuj<\/button><\/form>\n<br\/><\/div>        <\/div>\r\n    \r\n\t\r\n<\/div>\r\n\r\n<div class=\"mphb-room-type post-745 mphb_room_type type-mphb_room_type status-publish has-post-thumbnail mphb-room-type-adults-10 mphb-room-type-children-10 has-taxes-and-fees\">\r\n\r\n\t\r\n            <div class=\"room-images-wrapper\">\r\n            \n\n\t<p class=\"post-thumbnail mphb-loop-room-thumbnail\">\n\t<a href=\"https:\/\/forestcampmiedzyzdroje.pl\/index.php\/accommodation\/sektor-d\/\">\n\t<img loading=\"lazy\" decoding=\"async\" width=\"891\" height=\"891\" src=\"https:\/\/forestcampmiedzyzdroje.pl\/wp-content\/uploads\/2022\/04\/IMG_6339-891x891.webp\" class=\"attachment-campterra-square size-campterra-square wp-post-image\" alt=\"\" srcset=\"https:\/\/forestcampmiedzyzdroje.pl\/wp-content\/uploads\/2022\/04\/IMG_6339-891x891.webp 891w, https:\/\/forestcampmiedzyzdroje.pl\/wp-content\/uploads\/2022\/04\/IMG_6339-150x150.webp 150w, https:\/\/forestcampmiedzyzdroje.pl\/wp-content\/uploads\/2022\/04\/IMG_6339-300x300.webp 300w, https:\/\/forestcampmiedzyzdroje.pl\/wp-content\/uploads\/2022\/04\/IMG_6339-100x100.webp 100w\" sizes=\"(max-width: 891px) 100vw, 891px\" \/>\t<\/a>\n\n\t<\/p>\n        <\/div>\r\n        \r\n            <div class=\"room-description-wrapper\">\r\n            \n<h2 class=\"mphb-room-type-title entry-title\">\n\n<a class=\"mphb-room-type-title\" href=\"https:\/\/forestcampmiedzyzdroje.pl\/index.php\/accommodation\/sektor-d\/\">Sektor D<\/a>\n\n<\/h2>\n\n<p>Strefa le\u015bna przeznaczona specjalnie dla namiot\u00f3w!!! Mn\u00f3stwo drzew, przyjemnego cienia oraz wydzielone miejsce na ognisko.<\/p>\n\n        <\/div>\r\n            <div class=\"room-book-wrapper\">\r\n        \n<p class=\"mphb-view-details-button-wrapper\">\n<a class=\"button mphb-view-details-button\" href=\"https:\/\/forestcampmiedzyzdroje.pl\/index.php\/accommodation\/sektor-d\/\" >Zobacz szczeg\u00f3\u0142y<\/a>\n<\/p>\n<div class=\"mphb-to-book-btn-wrapper\">\n<form action=\"https:\/\/forestcampmiedzyzdroje.pl\/index.php\/accommodation\/sektor-d\/#booking-form-745\" method=\"get\" ><button type=\"submit\" class=\"button mphb-book-button\" >Zarezerwuj<\/button><\/form>\n<br\/><\/div>        <\/div>\r\n    \r\n\t\r\n<\/div>\r\n\r\n<\/div>\t\t\t\t<\/div>\n\t\t\t\t<\/div>\n\t\t\t\t\t<\/div>\n\t\t<\/div>\n\t\t\t\t\t<\/div>\n\t\t<\/section>\n\t\t\t\t<section class=\"elementor-section elementor-top-section elementor-element elementor-element-6c50194 elementor-section-height-min-height elementor-section-boxed elementor-section-height-default elementor-section-items-middle\" data-id=\"6c50194\" data-element_type=\"section\" data-settings=\"{&quot;background_background&quot;:&quot;classic&quot;}\">\n\t\t\t\t\t\t<div class=\"elementor-container elementor-column-gap-default\">\n\t\t\t\t\t<div class=\"elementor-column elementor-col-100 elementor-top-column elementor-element elementor-element-23c5e45\" data-id=\"23c5e45\" data-element_type=\"column\">\n\t\t\t<div class=\"elementor-widget-wrap\">\n\t\t\t\t\t\t\t<\/div>\n\t\t<\/div>\n\t\t\t\t\t<\/div>\n\t\t<\/section>\n\t\t\t\t<section class=\"elementor-section elementor-top-section elementor-element elementor-element-ec449b5 elementor-section-boxed elementor-section-height-default elementor-section-height-default\" data-id=\"ec449b5\" data-element_type=\"section\">\n\t\t\t\t\t\t<div class=\"elementor-container elementor-column-gap-default\">\n\t\t\t\t\t<div class=\"elementor-column elementor-col-100 elementor-top-column elementor-element elementor-element-e9c9cc7\" data-id=\"e9c9cc7\" data-element_type=\"column\" data-settings=\"{&quot;background_background&quot;:&quot;classic&quot;}\">\n\t\t\t<div class=\"elementor-widget-wrap elementor-element-populated\">\n\t\t\t\t\t\t<div class=\"elementor-element elementor-element-5770c63 elementor-align-center elementor-widget elementor-widget-button\" data-id=\"5770c63\" data-element_type=\"widget\" data-widget_type=\"button.default\">\n\t\t\t\t<div class=\"elementor-widget-container\">\n\t\t\t\t\t\t\t\t\t<div class=\"elementor-button-wrapper\">\n\t\t\t\t\t<a class=\"elementor-button elementor-button-link elementor-size-sm\" href=\"https:\/\/www.google.pl\/maps\/dir\/\/Forest+Camp+Mi%C4%99dzyzdroje+CAMPING,+Polna+36,+72-500+Mi%C4%99dzyzdroje\/@53.9355092,14.3463049,11.5z\/data=!4m8!4m7!1m0!1m5!1m1!1s0x47aa8b22d834543d:0x8ebbe2c310a5d6b7!2m2!1d14.4359515!2d53.9217532?entry=ttu\" target=\"_blank\">\n\t\t\t\t\t\t<span class=\"elementor-button-content-wrapper\">\n\t\t\t\t\t\t\t\t\t<span class=\"elementor-button-text\">Wyznacz tras\u0119<\/span>\n\t\t\t\t\t<\/span>\n\t\t\t\t\t<\/a>\n\t\t\t\t<\/div>\n\t\t\t\t\t\t\t\t<\/div>\n\t\t\t\t<\/div>\n\t\t\t\t<div class=\"elementor-element elementor-element-553784f elementor-widget elementor-widget-text-editor\" data-id=\"553784f\" data-element_type=\"widget\" data-widget_type=\"text-editor.default\">\n\t\t\t\t<div class=\"elementor-widget-container\">\n\t\t\t\t\t\t\t\t\t<p>Kliknij i zaplanuj swoj\u0105 podr\u00f3\u017c z Google Maps<\/p>\t\t\t\t\t\t\t\t<\/div>\n\t\t\t\t<\/div>\n\t\t\t\t<div class=\"elementor-element elementor-element-f77b6f1 elementor-widget elementor-widget-text-editor\" data-id=\"f77b6f1\" data-element_type=\"widget\" data-widget_type=\"text-editor.default\">\n\t\t\t\t<div class=\"elementor-widget-container\">\n\t\t\t\t\t\t\t\t\t<p><span style=\"color: var( --e-global-color-text ); font-size: 1rem;\">Obliczymy jak daleko jeste\u015b od Forest Camp Mi\u0119dzyzdroje&#8230;<\/span><\/p>\t\t\t\t\t\t\t\t<\/div>\n\t\t\t\t<\/div>\n\t\t\t\t\t<\/div>\n\t\t<\/div>\n\t\t\t\t\t<\/div>\n\t\t<\/section>\n\t\t\t\t<section class=\"elementor-section elementor-top-section elementor-element elementor-element-b76a1e4 elementor-section-boxed elementor-section-height-default elementor-section-height-default\" data-id=\"b76a1e4\" data-element_type=\"section\" data-settings=\"{&quot;sticky&quot;:&quot;bottom&quot;,&quot;sticky_on&quot;:[&quot;desktop&quot;,&quot;tablet&quot;,&quot;mobile&quot;],&quot;sticky_offset&quot;:0,&quot;sticky_effects_offset&quot;:0,&quot;sticky_anchor_link_offset&quot;:0}\">\n\t\t\t\t\t\t<div class=\"elementor-container elementor-column-gap-default\">\n\t\t\t\t\t<div class=\"elementor-column elementor-col-100 elementor-top-column elementor-element elementor-element-a803075\" data-id=\"a803075\" data-element_type=\"column\">\n\t\t\t<div class=\"elementor-widget-wrap elementor-element-populated\">\n\t\t\t\t\t\t<div class=\"elementor-element elementor-element-ef0a6e4 elementor-widget elementor-widget-mphbe-search-form\" data-id=\"ef0a6e4\" data-element_type=\"widget\" data-settings=\"{&quot;no_paddings&quot;:&quot;yes&quot;,&quot;multiple_lines&quot;:&quot;no&quot;}\" data-widget_type=\"mphbe-search-form.default\">\n\t\t\t\t<div class=\"elementor-widget-container\">\n\t\t\t\t\t<div class=\"mphb_sc_search-wrapper is-style-horizontal-form mphbs-no-paddings dark horizontal\">\n<form method=\"GET\" class=\"mphb_sc_search-form\" action=\"https:\/\/forestcampmiedzyzdroje.pl\/index.php\/wyniki-wyszukiwania\/\" data-first_available_check_in_date=\"2026-04-15\">\n\n\t<p class = \"mphb-required-fields-tip\">\n\t<small>\n\t\tWymagane pola\t\t<abbr title=\"required\">*<\/abbr>\n\t<\/small>\n<\/p>\n\n\t<p class=\"mphb_sc_search-check-in-date\">\n\t\t<label for=\"mphb_check_in_date-mphb-search-form-69df75f4a4299\">\n\t\t\tZameldowanie\t\t\t<abbr title=\"Sformatowane jako dd\/mm\/yyyy\">*<\/abbr>\n\t\t<\/label>\n\t\t<br \/>\n\t\t<input\n\t\t\tid=\"mphb_check_in_date-mphb-search-form-69df75f4a4299\"\n\t\t\tdata-datepick-group=\"mphb-search-form-69df75f4a4299\"\n\t\t\tvalue=\"\"\n\t\t\tplaceholder=\"Data zameldowania\"\n\t\t\trequired=\"required\"\n\t\t\ttype=\"text\"\n\t\t\tinputmode=\"none\"\n\t\t\tname=\"mphb_check_in_date\"\n\t\t\tclass=\"mphb-datepick\"\n\t\t\tautocomplete=\"off\"\n\t\t\t\/>\n\t<\/p>\n\n\t<p class=\"mphb_sc_search-check-out-date\">\n\t\t<label for=\"mphb_check_out_date-mphb-search-form-69df75f4a4299\">\n\t\t\tWymeldowanie\t\t\t<abbr title=\"Sformatowane jako dd\/mm\/yyyy\">*<\/abbr>\n\t\t<\/label>\n\t\t<br \/>\n\t\t<input\n\t\t\tid=\"mphb_check_out_date-mphb-search-form-69df75f4a4299\"\n\t\t\tdata-datepick-group=\"mphb-search-form-69df75f4a4299\"\n\t\t\tvalue=\"\"\n\t\t\tplaceholder=\"Data wymeldowania\"\n\t\t\trequired=\"required\"\n\t\t\ttype=\"text\"\n\t\t\tinputmode=\"none\"\n\t\t\tname=\"mphb_check_out_date\"\n\t\t\tclass=\"mphb-datepick\"\n\t\t\tautocomplete=\"off\"\n\t\t\t\/>\n\t<\/p>\n\n\t\t\t<input type=\"hidden\" id=\"mphb_adults-mphb-search-form-69df75f4a4299\" name=\"mphb_adults\" value=\"1\" \/>\n\t\n\t\t\t<input type=\"hidden\" id=\"mphb_children-mphb-search-form-69df75f4a4299\" name=\"mphb_children\" value=\"0\" \/>\n\t\n\t\n\t\n\t<input id=\"mphb_check_in_date-mphb-search-form-69df75f4a4299-hidden\" value=\"\" type=\"hidden\" name=\"mphb_check_in_date\" \/><input id=\"mphb_check_out_date-mphb-search-form-69df75f4a4299-hidden\" value=\"\" type=\"hidden\" name=\"mphb_check_out_date\" \/>\n\t<p class=\"mphb_sc_search-submit-button-wrapper\">\n\t\t<input type=\"submit\" class=\"button\" value=\"Szukaj\"\/>\n\t<\/p>\n\n\t\n<\/form>\n<\/div>\t\t\t\t<\/div>\n\t\t\t\t<\/div>\n\t\t\t\t\t<\/div>\n\t\t<\/div>\n\t\t\t\t\t<\/div>\n\t\t<\/section>\n\t\t\t\t<section class=\"elementor-section elementor-top-section elementor-element elementor-element-cbbecbf elementor-section-boxed elementor-section-height-default elementor-section-height-default\" data-id=\"cbbecbf\" data-element_type=\"section\">\n\t\t\t\t\t\t<div class=\"elementor-container elementor-column-gap-default\">\n\t\t\t\t\t<div class=\"elementor-column elementor-col-100 elementor-top-column elementor-element elementor-element-ae59240\" data-id=\"ae59240\" data-element_type=\"column\">\n\t\t\t<div class=\"elementor-widget-wrap\">\n\t\t\t\t\t\t\t<\/div>\n\t\t<\/div>\n\t\t\t\t\t<\/div>\n\t\t<\/section>\n\t\t\t\t<\/div>\n\t\t","protected":false},"excerpt":{"rendered":"<p>Kemping znajduj\u0119 si\u0119 w zachodniej cz\u0119\u015bci Mi\u0119dzyzdroj\u00f3w. Jad\u0105c drog\u0105 krajow\u0105 E65 bez problemu znajdziesz si\u0119 na zacisznej ulicy Polnej, gdzie powitamy Ci\u0119 w naszym o\u015brodku! Nasz o\u015brodek ma powierzchnie 5 hektar\u00f3w, wi\u0119c na pewno znajdzie si\u0119 miejsce dla ka\u017cdego. Ca\u0142y o\u015brodek dozorowany jest ca\u0142odobowo, nie musisz martwi\u0107 si\u0119 o sw\u00f3j dobytek, kiedy przebywasz poza kempingiem. [&hellip;]<\/p>\n","protected":false},"author":1,"featured_media":0,"parent":0,"menu_order":0,"comment_status":"closed","ping_status":"closed","template":"template-front-page.php","meta":{"inline_featured_image":false,"footnotes":""},"class_list":["post-355","page","type-page","status-publish","hentry"],"_links":{"self":[{"href":"https:\/\/forestcampmiedzyzdroje.pl\/index.php\/wp-json\/wp\/v2\/pages\/355","targetHints":{"allow":["GET"]}}],"collection":[{"href":"https:\/\/forestcampmiedzyzdroje.pl\/index.php\/wp-json\/wp\/v2\/pages"}],"about":[{"href":"https:\/\/forestcampmiedzyzdroje.pl\/index.php\/wp-json\/wp\/v2\/types\/page"}],"author":[{"embeddable":true,"href":"https:\/\/forestcampmiedzyzdroje.pl\/index.php\/wp-json\/wp\/v2\/users\/1"}],"replies":[{"embeddable":true,"href":"https:\/\/forestcampmiedzyzdroje.pl\/index.php\/wp-json\/wp\/v2\/comments?post=355"}],"version-history":[{"count":376,"href":"https:\/\/forestcampmiedzyzdroje.pl\/index.php\/wp-json\/wp\/v2\/pages\/355\/revisions"}],"predecessor-version":[{"id":65473,"href":"https:\/\/forestcampmiedzyzdroje.pl\/index.php\/wp-json\/wp\/v2\/pages\/355\/revisions\/65473"}],"wp:attachment":[{"href":"https:\/\/forestcampmiedzyzdroje.pl\/index.php\/wp-json\/wp\/v2\/media?parent=355"}],"curies":[{"name":"wp","href":"https:\/\/api.w.org\/{rel}","templated":true}]}}